{"id":9,"date":"2024-11-27T12:24:52","date_gmt":"2024-11-27T12:24:52","guid":{"rendered":"https:\/\/www.pasja.at\/?page_id=9"},"modified":"2024-12-12T14:11:25","modified_gmt":"2024-12-12T14:11:25","slug":"main","status":"publish","type":"page","link":"https:\/\/www.pasja.at\/","title":{"rendered":"Main"},"content":{"rendered":"\t\t<div data-elementor-type=\"wp-page\" data-elementor-id=\"9\" class=\"elementor elementor-9\">\n\t\t\t\t<div class=\"elementor-element elementor-element-e02c182 e-flex e-con-boxed e-con e-parent\" data-id=\"e02c182\" data-element_type=\"container\">\n\t\t\t\t\t<div class=\"e-con-inner\">\n\t\t<div class=\"elementor-element elementor-element-b1d74e7 e-con-full e-flex e-con e-child\" data-id=\"b1d74e7\" data-element_type=\"container\" data-settings=\"{&quot;background_background&quot;:&quot;classic&quot;}\">\n\t\t\t\t<div class=\"elementor-element elementor-element-9018498 elementor-widget elementor-widget-heading\" data-id=\"9018498\" data-element_type=\"widget\" data-widget_type=\"heading.default\">\n\t\t\t\t<div class=\"elementor-widget-container\">\n\t\t\t\t\t<h2 class=\"elementor-heading-title elementor-size-default\">PASJA e.U.<\/h2>\t\t\t\t<\/div>\n\t\t\t\t<\/div>\n\t\t\t\t<\/div>\n\t\t<div class=\"elementor-element elementor-element-3dcb672 e-con-full elementor-hidden-mobile e-flex e-con e-child\" data-id=\"3dcb672\" data-element_type=\"container\" data-settings=\"{&quot;background_background&quot;:&quot;classic&quot;}\">\n\t\t\t\t<\/div>\n\t\t<div class=\"elementor-element elementor-element-47d1408 e-con-full e-flex e-con e-child\" data-id=\"47d1408\" data-element_type=\"container\" data-settings=\"{&quot;background_background&quot;:&quot;classic&quot;}\">\n\t\t\t\t<div class=\"elementor-element elementor-element-f24f7c0 elementor-widget elementor-widget-text-editor\" data-id=\"f24f7c0\" data-element_type=\"widget\" data-widget_type=\"text-editor.default\">\n\t\t\t\t<div class=\"elementor-widget-container\">\n\t\t\t\t\t\t\t\t\t<h1>Perfektion in<br \/>jedem Detail!<\/h1>\t\t\t\t\t\t\t\t<\/div>\n\t\t\t\t<\/div>\n\t\t\t\t<div class=\"elementor-element elementor-element-39368d4 elementor-widget elementor-widget-button\" data-id=\"39368d4\" data-element_type=\"widget\" data-widget_type=\"button.default\">\n\t\t\t\t<div class=\"elementor-widget-container\">\n\t\t\t\t\t\t\t\t\t<div class=\"elementor-button-wrapper\">\n\t\t\t\t\t<a class=\"elementor-button elementor-button-link elementor-size-sm\" href=\"mailto:office@pasja.at\">\n\t\t\t\t\t\t<span class=\"elementor-button-content-wrapper\">\n\t\t\t\t\t\t\t\t\t<span class=\"elementor-button-text\">ERFAHREN SIE MEHR<\/span>\n\t\t\t\t\t<\/span>\n\t\t\t\t\t<\/a>\n\t\t\t\t<\/div>\n\t\t\t\t\t\t\t\t<\/div>\n\t\t\t\t<\/div>\n\t\t\t\t<\/div>\n\t\t<div class=\"elementor-element elementor-element-2973e25 e-con-full e-flex e-con e-child\" data-id=\"2973e25\" data-element_type=\"container\" data-settings=\"{&quot;background_background&quot;:&quot;classic&quot;}\">\n\t\t\t\t<div class=\"elementor-element elementor-element-1867437 elementor-widget elementor-widget-heading\" data-id=\"1867437\" data-element_type=\"widget\" data-widget_type=\"heading.default\">\n\t\t\t\t<div class=\"elementor-widget-container\">\n\t\t\t\t\t<h2 class=\"elementor-heading-title elementor-size-default\">\u00dcber uns<\/h2>\t\t\t\t<\/div>\n\t\t\t\t<\/div>\n\t\t\t\t<div class=\"elementor-element elementor-element-e20efc8 elementor-widget-divider--view-line elementor-widget elementor-widget-divider\" data-id=\"e20efc8\" data-element_type=\"widget\" data-widget_type=\"divider.default\">\n\t\t\t\t<div class=\"elementor-widget-container\">\n\t\t\t\t\t\t\t<div class=\"elementor-divider\">\n\t\t\t<span class=\"elementor-divider-separator\">\n\t\t\t\t\t\t<\/span>\n\t\t<\/div>\n\t\t\t\t\t\t<\/div>\n\t\t\t\t<\/div>\n\t\t\t\t<div class=\"elementor-element elementor-element-7c82b2a elementor-widget elementor-widget-text-editor\" data-id=\"7c82b2a\" data-element_type=\"widget\" data-widget_type=\"text-editor.default\">\n\t\t\t\t<div class=\"elementor-widget-container\">\n\t\t\t\t\t\t\t\t\t<p>Pasja e.U. ist Ihr zuverl\u00e4ssiger Partner f\u00fcr die Vermittlung von Werk- und Dienstleistungen. Als Generalvertreter von Valare und Feltdecor stehen wir f\u00fcr Professionalit\u00e4t, Organisation und eine Zusammenarbeit, die Vertrauen schafft. Unsere Kunden und Partner profitieren von ma\u00dfgeschneiderten L\u00f6sungen und einem klaren Fokus auf Sicherheit und Qualit\u00e4t.<br><br><br><br><\/p>\n<p><\/p>\t\t\t\t\t\t\t\t<\/div>\n\t\t\t\t<\/div>\n\t\t\t\t<div class=\"elementor-element elementor-element-29b7cfa elementor-widget elementor-widget-text-editor\" data-id=\"29b7cfa\" data-element_type=\"widget\" data-widget_type=\"text-editor.default\">\n\t\t\t\t<div class=\"elementor-widget-container\">\n\t\t\t\t\t\t\t\t\t<p>Stellen Sie sich keine Einschr\u00e4nkungen vor; Entscheiden Sie, was richtig und w\u00fcnschenswert ist, bevor Sie entscheiden, was m\u00f6glich ist.\u201c \u2013 Brian Tracy<\/p>\t\t\t\t\t\t\t\t<\/div>\n\t\t\t\t<\/div>\n\t\t<div class=\"elementor-element elementor-element-cdad882 e-transform e-flex e-con-boxed e-con e-child\" data-id=\"cdad882\" data-element_type=\"container\" data-settings=\"{&quot;_transform_scale_effect&quot;:{&quot;unit&quot;:&quot;px&quot;,&quot;size&quot;:0.65,&quot;sizes&quot;:[]},&quot;_transform_scale_effect_tablet&quot;:{&quot;unit&quot;:&quot;px&quot;,&quot;size&quot;:&quot;&quot;,&quot;sizes&quot;:[]},&quot;_transform_scale_effect_mobile&quot;:{&quot;unit&quot;:&quot;px&quot;,&quot;size&quot;:&quot;&quot;,&quot;sizes&quot;:[]}}\">\n\t\t\t\t\t<div class=\"e-con-inner\">\n\t\t\t\t<div class=\"elementor-element elementor-element-c8fd9f9 elementor-widget elementor-widget-heading\" data-id=\"c8fd9f9\" data-element_type=\"widget\" data-widget_type=\"heading.default\">\n\t\t\t\t<div class=\"elementor-widget-container\">\n\t\t\t\t\t<h5 class=\"elementor-heading-title elementor-size-default\">OFFIZIELLER DISTRIBUTOR<\/h5>\t\t\t\t<\/div>\n\t\t\t\t<\/div>\n\t\t\t\t<div class=\"elementor-element elementor-element-d9592b0 elementor-widget-divider--view-line elementor-widget elementor-widget-divider\" data-id=\"d9592b0\" data-element_type=\"widget\" data-widget_type=\"divider.default\">\n\t\t\t\t<div class=\"elementor-widget-container\">\n\t\t\t\t\t\t\t<div class=\"elementor-divider\">\n\t\t\t<span class=\"elementor-divider-separator\">\n\t\t\t\t\t\t<\/span>\n\t\t<\/div>\n\t\t\t\t\t\t<\/div>\n\t\t\t\t<\/div>\n\t\t<div class=\"elementor-element elementor-element-c178173 e-grid e-con-full e-con e-child\" data-id=\"c178173\" data-element_type=\"container\">\n\t\t\t\t<div class=\"elementor-element elementor-element-4c567d5 elementor-widget elementor-widget-image\" data-id=\"4c567d5\" data-element_type=\"widget\" data-widget_type=\"image.default\">\n\t\t\t\t<div class=\"elementor-widget-container\">\n\t\t\t\t\t\t\t\t\t\t\t\t\t\t\t\t<a href=\"https:\/\/valare.eu\" target=\"_blank\">\n\t\t\t\t\t\t\t<img decoding=\"async\" src=\"https:\/\/www.pasja.at\/wp-content\/uploads\/elementor\/thumbs\/logo_bez_claimu_na_bialym_big-qxo83ggil3bku33zr3qdxkwvm3q88pvaymfmvu2ouw.png\" title=\"logo_bez_claimu_na_bia\u0142ym_big\" alt=\"https:\/\/valare.eu\" loading=\"lazy\" \/>\t\t\t\t\t\t\t\t<\/a>\n\t\t\t\t\t\t\t\t\t\t\t\t\t\t\t<\/div>\n\t\t\t\t<\/div>\n\t\t\t\t<div class=\"elementor-element elementor-element-54fb361 elementor-widget elementor-widget-image\" data-id=\"54fb361\" data-element_type=\"widget\" data-widget_type=\"image.default\">\n\t\t\t\t<div class=\"elementor-widget-container\">\n\t\t\t\t\t\t\t\t\t\t\t\t\t\t\t\t<a href=\"https:\/\/feltdecor.eu\" target=\"_blank\">\n\t\t\t\t\t\t\t<img decoding=\"async\" src=\"https:\/\/www.pasja.at\/wp-content\/uploads\/elementor\/thumbs\/feltdecor_black-qxrlmtj78gv3pvngpdmjch1coq4c01rainrp1yohay.png\" title=\"feltdecor_black\" alt=\"https:\/\/feltdecor.eu\" loading=\"lazy\" \/>\t\t\t\t\t\t\t\t<\/a>\n\t\t\t\t\t\t\t\t\t\t\t\t\t\t\t<\/div>\n\t\t\t\t<\/div>\n\t\t\t\t<\/div>\n\t\t\t\t\t<\/div>\n\t\t\t\t<\/div>\n\t\t\t\t<\/div>\n\t\t\t\t\t<\/div>\n\t\t\t\t<\/div>\n\t\t<div class=\"elementor-element elementor-element-96c7e07 e-flex e-con-boxed e-con e-parent\" data-id=\"96c7e07\" data-element_type=\"container\">\n\t\t\t\t\t<div class=\"e-con-inner\">\n\t\t<div class=\"elementor-element elementor-element-35519cf e-flex e-con-boxed e-con e-child\" data-id=\"35519cf\" data-element_type=\"container\">\n\t\t\t\t\t<div class=\"e-con-inner\">\n\t\t\t\t<div class=\"elementor-element elementor-element-78b2bdb elementor-widget elementor-widget-text-editor\" data-id=\"78b2bdb\" data-element_type=\"widget\" data-widget_type=\"text-editor.default\">\n\t\t\t\t<div class=\"elementor-widget-container\">\n\t\t\t\t\t\t\t\t\t<p>Perfektion im jeden Detail!<\/p><p>Impressum:<br \/>PASJA e.U<br \/>Alex Chaustowski<br \/>Schuhfabrikgasse 17\/3<br \/>1230 Wien<br \/>NIP: ATU54795609<br \/>office(at)pasja.at<br \/>+43 664 3068846<\/p>\t\t\t\t\t\t\t\t<\/div>\n\t\t\t\t<\/div>\n\t\t\t\t\t<\/div>\n\t\t\t\t<\/div>\n\t\t<div class=\"elementor-element elementor-element-96f1e66 e-flex e-con-boxed e-con e-child\" data-id=\"96f1e66\" data-element_type=\"container\">\n\t\t\t\t\t<div class=\"e-con-inner\">\n\t\t\t\t<div class=\"elementor-element elementor-element-338de8c elementor-widget elementor-widget-text-editor\" data-id=\"338de8c\" data-element_type=\"widget\" data-widget_type=\"text-editor.default\">\n\t\t\t\t<div class=\"elementor-widget-container\">\n\t\t\t\t\t\t\t\t\t<p>Die Website ist Eigentum von Pasja e.U. Alle Rechte vorbehalten. <br \/>All rights reserved \u00ae<\/p>\t\t\t\t\t\t\t\t<\/div>\n\t\t\t\t<\/div>\n\t\t\t\t\t<\/div>\n\t\t\t\t<\/div>\n\t\t<div class=\"elementor-element elementor-element-8c9dc05 e-flex e-con-boxed e-con e-child\" data-id=\"8c9dc05\" data-element_type=\"container\">\n\t\t\t\t\t<div class=\"e-con-inner\">\n\t\t\t\t<div class=\"elementor-element elementor-element-c051558 elementor-widget elementor-widget-text-editor\" data-id=\"c051558\" data-element_type=\"widget\" data-widget_type=\"text-editor.default\">\n\t\t\t\t<div class=\"elementor-widget-container\">\n\t\t\t\t\t\t\t\t\t<p>Erstellt mit einer Klaue von:<\/p>\t\t\t\t\t\t\t\t<\/div>\n\t\t\t\t<\/div>\n\t\t\t\t<div class=\"elementor-element elementor-element-bcd3242 elementor-widget elementor-widget-image\" data-id=\"bcd3242\" data-element_type=\"widget\" data-widget_type=\"image.default\">\n\t\t\t\t<div class=\"elementor-widget-container\">\n\t\t\t\t\t\t\t\t\t\t\t\t\t\t\t\t<a href=\"https:\/\/purrfectwebdesign.com\" target=\"_blank\">\n\t\t\t\t\t\t\t<img decoding=\"async\" src=\"https:\/\/www.pasja.at\/wp-content\/uploads\/elementor\/thumbs\/zn_pwd_podstawowy_all-04-qyaqc6gnnbpsmsi6v0wl9gw2sfxem821n8nkklcd9q.png\" title=\"Logo Purrfect WebDesign\" alt=\"Purrfect WebDesign\" loading=\"lazy\" \/>\t\t\t\t\t\t\t\t<\/a>\n\t\t\t\t\t\t\t\t\t\t\t\t\t\t\t<\/div>\n\t\t\t\t<\/div>\n\t\t\t\t\t<\/div>\n\t\t\t\t<\/div>\n\t\t\t\t\t<\/div>\n\t\t\t\t<\/div>\n\t\t\t\t<\/div>\n\t\t","protected":false},"excerpt":{"rendered":"<p>PASJA e.U. Perfektion injedem Detail! ERFAHREN SIE MEHR \u00dcber uns Pasja e.U. ist Ihr zuverl\u00e4ssiger Partner f\u00fcr die Vermittlung von Werk- und Dienstleistungen. Als Generalvertreter von Valare und Feltdecor stehen wir f\u00fcr Professionalit\u00e4t, Organisation und eine Zusammenarbeit, die Vertrauen schafft. Unsere Kunden und Partner profitieren von ma\u00dfgeschneiderten L\u00f6sungen und einem klaren Fokus auf Sicherheit und [&hellip;]<\/p>\n","protected":false},"author":3,"featured_media":0,"parent":0,"menu_order":0,"comment_status":"closed","ping_status":"closed","template":"","meta":{"footnotes":""},"class_list":["post-9","page","type-page","status-publish","hentry"],"_links":{"self":[{"href":"https:\/\/www.pasja.at\/index.php\/wp-json\/wp\/v2\/pages\/9","targetHints":{"allow":["GET"]}}],"collection":[{"href":"https:\/\/www.pasja.at\/index.php\/wp-json\/wp\/v2\/pages"}],"about":[{"href":"https:\/\/www.pasja.at\/index.php\/wp-json\/wp\/v2\/types\/page"}],"author":[{"embeddable":true,"href":"https:\/\/www.pasja.at\/index.php\/wp-json\/wp\/v2\/users\/3"}],"replies":[{"embeddable":true,"href":"https:\/\/www.pasja.at\/index.php\/wp-json\/wp\/v2\/comments?post=9"}],"version-history":[{"count":229,"href":"https:\/\/www.pasja.at\/index.php\/wp-json\/wp\/v2\/pages\/9\/revisions"}],"predecessor-version":[{"id":271,"href":"https:\/\/www.pasja.at\/index.php\/wp-json\/wp\/v2\/pages\/9\/revisions\/271"}],"wp:attachment":[{"href":"https:\/\/www.pasja.at\/index.php\/wp-json\/wp\/v2\/media?parent=9"}],"curies":[{"name":"wp","href":"https:\/\/api.w.org\/{rel}","templated":true}]}}